{"id":69,"date":"2019-05-30T14:41:34","date_gmt":"2019-05-30T14:41:34","guid":{"rendered":"http:\/\/agenda.fbb.pt\/\/?page_id=69"},"modified":"2019-05-30T15:38:12","modified_gmt":"2019-05-30T15:38:12","slug":"contacts","status":"publish","type":"page","link":"https:\/\/agenda.fbb.pt\/en\/contacts\/","title":{"rendered":"Contacts"},"content":{"rendered":"<h2>Funda\u00e7\u00e3o Bissaya Barreto<\/h2>","protected":false},"excerpt":{"rendered":"<p>Funda\u00e7\u00e3o Bissaya Barreto<\/p>\n","protected":false},"author":1,"featured_media":0,"parent":0,"menu_order":0,"comment_status":"closed","ping_status":"closed","template":"page-contactos.php","meta":{"_acf_changed":false,"footnotes":""},"class_list":["post-69","page","type-page","status-publish","hentry"],"acf":[],"yoast_head":"<!-- This site is optimized with the Yoast SEO plugin v26.8 - https:\/\/yoast.com\/product\/yoast-seo-wordpress\/ -->\n<title>Contacts &#8211; Agenda da Funda\u00e7\u00e3o Bissaya Barreto<\/title>\n<meta name=\"robots\" content=\"index, follow, max-snippet:-1, max-image-preview:large, max-video-preview:-1\" \/>\n<link rel=\"canonical\" href=\"https:\/\/agenda.fbb.pt\/en\/contacts\/\" \/>\n<meta property=\"og:locale\" content=\"en_US\" \/>\n<meta property=\"og:type\" content=\"article\" \/>\n<meta property=\"og:title\" content=\"Contacts &#8211; Agenda da Funda\u00e7\u00e3o Bissaya Barreto\" \/>\n<meta property=\"og:description\" content=\"Funda\u00e7\u00e3o Bissaya Barreto\" \/>\n<meta property=\"og:url\" content=\"https:\/\/agenda.fbb.pt\/en\/contacts\/\" \/>\n<meta property=\"og:site_name\" content=\"Agenda da Funda\u00e7\u00e3o Bissaya Barreto\" \/>\n<meta property=\"article:modified_time\" content=\"2019-05-30T15:38:12+00:00\" \/>\n<meta property=\"og:image\" content=\"https:\/\/agenda.fbb.pt\/wp-content\/uploads\/2019\/05\/fbb-34_1200x720_acf_cropped.jpg\" \/>\n\t<meta property=\"og:image:width\" content=\"1200\" \/>\n\t<meta property=\"og:image:height\" content=\"720\" \/>\n\t<meta property=\"og:image:type\" content=\"image\/jpeg\" \/>\n<meta name=\"twitter:card\" content=\"summary_large_image\" \/>\n<script type=\"application\/ld+json\" class=\"yoast-schema-graph\">{\"@context\":\"https:\/\/schema.org\",\"@graph\":[{\"@type\":\"WebPage\",\"@id\":\"https:\/\/agenda.fbb.pt\/en\/contacts\/\",\"url\":\"https:\/\/agenda.fbb.pt\/en\/contacts\/\",\"name\":\"Contacts &#8211; Agenda da Funda\u00e7\u00e3o Bissaya Barreto\",\"isPartOf\":{\"@id\":\"https:\/\/agenda.fbb.pt\/en\/#website\"},\"datePublished\":\"2019-05-30T14:41:34+00:00\",\"dateModified\":\"2019-05-30T15:38:12+00:00\",\"breadcrumb\":{\"@id\":\"https:\/\/agenda.fbb.pt\/en\/contacts\/#breadcrumb\"},\"inLanguage\":\"en-US\",\"potentialAction\":[{\"@type\":\"ReadAction\",\"target\":[\"https:\/\/agenda.fbb.pt\/en\/contacts\/\"]}]},{\"@type\":\"BreadcrumbList\",\"@id\":\"https:\/\/agenda.fbb.pt\/en\/contacts\/#breadcrumb\",\"itemListElement\":[{\"@type\":\"ListItem\",\"position\":1,\"name\":\"In\u00edcio\",\"item\":\"https:\/\/agenda.fbb.pt\/en\/\"},{\"@type\":\"ListItem\",\"position\":2,\"name\":\"Contacts\"}]},{\"@type\":\"WebSite\",\"@id\":\"https:\/\/agenda.fbb.pt\/en\/#website\",\"url\":\"https:\/\/agenda.fbb.pt\/en\/\",\"name\":\"Agenda da Funda\u00e7\u00e3o Bissaya Barreto\",\"description\":\"Agenda oficial da Funda\u00e7\u00e3o Bissaya Barreto.\",\"publisher\":{\"@id\":\"https:\/\/agenda.fbb.pt\/en\/#organization\"},\"potentialAction\":[{\"@type\":\"SearchAction\",\"target\":{\"@type\":\"EntryPoint\",\"urlTemplate\":\"https:\/\/agenda.fbb.pt\/en\/?s={search_term_string}\"},\"query-input\":{\"@type\":\"PropertyValueSpecification\",\"valueRequired\":true,\"valueName\":\"search_term_string\"}}],\"inLanguage\":\"en-US\"},{\"@type\":\"Organization\",\"@id\":\"https:\/\/agenda.fbb.pt\/en\/#organization\",\"name\":\"Agenda da Funda\u00e7\u00e3o Bissaya Barreto\",\"url\":\"https:\/\/agenda.fbb.pt\/en\/\",\"logo\":{\"@type\":\"ImageObject\",\"inLanguage\":\"en-US\",\"@id\":\"https:\/\/agenda.fbb.pt\/en\/#\/schema\/logo\/image\/\",\"url\":\"http:\/\/agenda.fbb.pt\/wp-content\/uploads\/2019\/05\/favicon.png\",\"contentUrl\":\"http:\/\/agenda.fbb.pt\/wp-content\/uploads\/2019\/05\/favicon.png\",\"width\":221,\"height\":221,\"caption\":\"Agenda da Funda\u00e7\u00e3o Bissaya Barreto\"},\"image\":{\"@id\":\"https:\/\/agenda.fbb.pt\/en\/#\/schema\/logo\/image\/\"}}]}<\/script>\n<!-- \/ Yoast SEO plugin. -->","yoast_head_json":{"title":"Contacts &#8211; Agenda da Funda\u00e7\u00e3o Bissaya Barreto","robots":{"index":"index","follow":"follow","max-snippet":"max-snippet:-1","max-image-preview":"max-image-preview:large","max-video-preview":"max-video-preview:-1"},"canonical":"https:\/\/agenda.fbb.pt\/en\/contacts\/","og_locale":"en_US","og_type":"article","og_title":"Contacts &#8211; Agenda da Funda\u00e7\u00e3o Bissaya Barreto","og_description":"Funda\u00e7\u00e3o Bissaya Barreto","og_url":"https:\/\/agenda.fbb.pt\/en\/contacts\/","og_site_name":"Agenda da Funda\u00e7\u00e3o Bissaya Barreto","article_modified_time":"2019-05-30T15:38:12+00:00","og_image":[{"width":1200,"height":720,"url":"https:\/\/agenda.fbb.pt\/wp-content\/uploads\/2019\/05\/fbb-34_1200x720_acf_cropped.jpg","type":"image\/jpeg"}],"twitter_card":"summary_large_image","schema":{"@context":"https:\/\/schema.org","@graph":[{"@type":"WebPage","@id":"https:\/\/agenda.fbb.pt\/en\/contacts\/","url":"https:\/\/agenda.fbb.pt\/en\/contacts\/","name":"Contacts &#8211; Agenda da Funda\u00e7\u00e3o Bissaya Barreto","isPartOf":{"@id":"https:\/\/agenda.fbb.pt\/en\/#website"},"datePublished":"2019-05-30T14:41:34+00:00","dateModified":"2019-05-30T15:38:12+00:00","breadcrumb":{"@id":"https:\/\/agenda.fbb.pt\/en\/contacts\/#breadcrumb"},"inLanguage":"en-US","potentialAction":[{"@type":"ReadAction","target":["https:\/\/agenda.fbb.pt\/en\/contacts\/"]}]},{"@type":"BreadcrumbList","@id":"https:\/\/agenda.fbb.pt\/en\/contacts\/#breadcrumb","itemListElement":[{"@type":"ListItem","position":1,"name":"In\u00edcio","item":"https:\/\/agenda.fbb.pt\/en\/"},{"@type":"ListItem","position":2,"name":"Contacts"}]},{"@type":"WebSite","@id":"https:\/\/agenda.fbb.pt\/en\/#website","url":"https:\/\/agenda.fbb.pt\/en\/","name":"Agenda da Funda\u00e7\u00e3o Bissaya Barreto","description":"Agenda oficial da Funda\u00e7\u00e3o Bissaya Barreto.","publisher":{"@id":"https:\/\/agenda.fbb.pt\/en\/#organization"},"potentialAction":[{"@type":"SearchAction","target":{"@type":"EntryPoint","urlTemplate":"https:\/\/agenda.fbb.pt\/en\/?s={search_term_string}"},"query-input":{"@type":"PropertyValueSpecification","valueRequired":true,"valueName":"search_term_string"}}],"inLanguage":"en-US"},{"@type":"Organization","@id":"https:\/\/agenda.fbb.pt\/en\/#organization","name":"Agenda da Funda\u00e7\u00e3o Bissaya Barreto","url":"https:\/\/agenda.fbb.pt\/en\/","logo":{"@type":"ImageObject","inLanguage":"en-US","@id":"https:\/\/agenda.fbb.pt\/en\/#\/schema\/logo\/image\/","url":"http:\/\/agenda.fbb.pt\/wp-content\/uploads\/2019\/05\/favicon.png","contentUrl":"http:\/\/agenda.fbb.pt\/wp-content\/uploads\/2019\/05\/favicon.png","width":221,"height":221,"caption":"Agenda da Funda\u00e7\u00e3o Bissaya Barreto"},"image":{"@id":"https:\/\/agenda.fbb.pt\/en\/#\/schema\/logo\/image\/"}}]}},"_links":{"self":[{"href":"https:\/\/agenda.fbb.pt\/en\/wp-json\/wp\/v2\/pages\/69","targetHints":{"allow":["GET"]}}],"collection":[{"href":"https:\/\/agenda.fbb.pt\/en\/wp-json\/wp\/v2\/pages"}],"about":[{"href":"https:\/\/agenda.fbb.pt\/en\/wp-json\/wp\/v2\/types\/page"}],"author":[{"embeddable":true,"href":"https:\/\/agenda.fbb.pt\/en\/wp-json\/wp\/v2\/users\/1"}],"replies":[{"embeddable":true,"href":"https:\/\/agenda.fbb.pt\/en\/wp-json\/wp\/v2\/comments?post=69"}],"version-history":[{"count":0,"href":"https:\/\/agenda.fbb.pt\/en\/wp-json\/wp\/v2\/pages\/69\/revisions"}],"wp:attachment":[{"href":"https:\/\/agenda.fbb.pt\/en\/wp-json\/wp\/v2\/media?parent=69"}],"curies":[{"name":"wp","href":"https:\/\/api.w.org\/{rel}","templated":true}]}}